{"id":57,"date":"2024-08-23T09:00:00","date_gmt":"2024-08-23T09:00:00","guid":{"rendered":"https:\/\/bulbygg.no\/?page_id=57"},"modified":"2024-08-27T11:24:40","modified_gmt":"2024-08-27T11:24:40","slug":"tjenester-med-kvalitet-i-hver-stein","status":"publish","type":"page","link":"https:\/\/bulbygg.no\/index.php\/tjenester-med-kvalitet-i-hver-stein\/","title":{"rendered":"Tjenester"},"content":{"rendered":"\n<h3 class=\"wp-block-heading\">Hos Bul Bygg AS tilbyr vi et omfattende utvalg av tjenester, st\u00f8ttet av opptil 15 \u00e5rs erfaring. V\u00e5rt dyktige team er spesialister innen<\/h3>\n\n\n\n<div class=\"wp-block-columns is-layout-flex wp-container-core-columns-is-layout-28f84493 wp-block-columns-is-layout-flex\">\n<div class=\"wp-block-column is-layout-flow wp-block-column-is-layout-flow\">\n<p>\u2705Prosjektledelse <\/p>\n\n\n\n<p>\u2705Mur og betong<\/p>\n\n\n\n<p>\u2705Flislegging <\/p>\n\n\n\n<p>\u2705Snekkerarbeid <\/p>\n\n\n\n<p>\u2705Malertjenester<\/p>\n\n\n\n<p><\/p>\n\n\n\n<p><\/p>\n<\/div>\n\n\n\n<div class=\"wp-block-column is-layout-flow wp-block-column-is-layout-flow\">\n<p>\u2705Maskinentrepren\u00f8r<\/p>\n\n\n\n<p>\u2705Drenering<\/p>\n\n\n\n<p>\u2705Utgraving av kjeller<\/p>\n\n\n\n<p>\u2705Riving, pigging og betongsaging<\/p>\n\n\n\n<p>\u2705Flytting og transport<\/p>\n\n\n\n<p><\/p>\n\n\n\n<p><\/p>\n\n\n\n<p><\/p>\n<\/div>\n<\/div>\n\n\n\n<p><\/p>\n","protected":false},"excerpt":{"rendered":"<p>Hos Bul Bygg AS tilbyr vi et omfattende utvalg av tjenester, st\u00f8ttet av opptil 15 \u00e5rs erfaring. V\u00e5rt dyktige team er spesialister innen \u2705Prosjektledelse \u2705Mur og betong \u2705Flislegging \u2705Snekkerarbeid \u2705Malertjenester \u2705Maskinentrepren\u00f8r \u2705Drenering \u2705Utgraving av kjeller \u2705Riving, pigging og betongsaging \u2705Flytting og transport<\/p>\n","protected":false},"author":1,"featured_media":0,"parent":0,"menu_order":0,"comment_status":"closed","ping_status":"closed","template":"","meta":{"footnotes":""},"class_list":["post-57","page","type-page","status-publish","hentry"],"yoast_head":"<!-- This site is optimized with the Yoast SEO plugin v27.3 - https:\/\/yoast.com\/product\/yoast-seo-wordpress\/ -->\n<title>Bul Bygg AS - Tjenester med kvalitet i hver stein<\/title>\n<meta name=\"description\" content=\"Hos Bul Bygg AS tilbyr vi et omfattende utvalg av tjenester, st\u00f8ttet av opptil 15 \u00e5rs erfaring. V\u00e5rt dyktige team er spesialister innen mur- og betongarbeid, flislegging, snekker- og malertjenester, samt riving og drenering. Vi har en lidenskap for restaurering og leverer alltid h\u00e5ndverk av ypperste kvalitet. Ta kontakt med Bul Bygg AS for en uforpliktende prat om hvordan vi kan hjelpe deg med \u00e5 realisere ditt prosjekt.\" \/>\n<meta name=\"robots\" content=\"index, follow, max-snippet:-1, max-image-preview:large, max-video-preview:-1\" \/>\n<link rel=\"canonical\" href=\"https:\/\/bulbygg.no\/index.php\/tjenester-med-kvalitet-i-hver-stein\/\" \/>\n<meta property=\"og:locale\" content=\"nb_NO\" \/>\n<meta property=\"og:type\" content=\"article\" \/>\n<meta property=\"og:title\" content=\"Bul Bygg AS - Tjenester med kvalitet i hver stein\" \/>\n<meta property=\"og:description\" content=\"Hos Bul Bygg AS tilbyr vi et omfattende utvalg av tjenester, st\u00f8ttet av opptil 15 \u00e5rs erfaring. V\u00e5rt dyktige team er spesialister innen mur- og betongarbeid, flislegging, snekker- og malertjenester, samt riving og drenering. Vi har en lidenskap for restaurering og leverer alltid h\u00e5ndverk av ypperste kvalitet. Ta kontakt med Bul Bygg AS for en uforpliktende prat om hvordan vi kan hjelpe deg med \u00e5 realisere ditt prosjekt.\" \/>\n<meta property=\"og:url\" content=\"https:\/\/bulbygg.no\/index.php\/tjenester-med-kvalitet-i-hver-stein\/\" \/>\n<meta property=\"article:modified_time\" content=\"2024-08-27T11:24:40+00:00\" \/>\n<meta property=\"og:image\" content=\"https:\/\/bulbygg.no\/wp-content\/uploads\/2024\/08\/Ikon-BulBygg-1.png\" \/>\n\t<meta property=\"og:image:width\" content=\"582\" \/>\n\t<meta property=\"og:image:height\" content=\"525\" \/>\n\t<meta property=\"og:image:type\" content=\"image\/png\" \/>\n<meta name=\"twitter:card\" content=\"summary_large_image\" \/>\n<meta name=\"twitter:label1\" content=\"Ansl. lesetid\" \/>\n\t<meta name=\"twitter:data1\" content=\"1 minutt\" \/>\n<script type=\"application\/ld+json\" class=\"yoast-schema-graph\">{\"@context\":\"https:\\\/\\\/schema.org\",\"@graph\":[{\"@type\":\"WebPage\",\"@id\":\"https:\\\/\\\/bulbygg.no\\\/index.php\\\/tjenester-med-kvalitet-i-hver-stein\\\/\",\"url\":\"https:\\\/\\\/bulbygg.no\\\/index.php\\\/tjenester-med-kvalitet-i-hver-stein\\\/\",\"name\":\"Bul Bygg AS - Tjenester med kvalitet i hver stein\",\"isPartOf\":{\"@id\":\"https:\\\/\\\/bulbygg.no\\\/#website\"},\"datePublished\":\"2024-08-23T09:00:00+00:00\",\"dateModified\":\"2024-08-27T11:24:40+00:00\",\"description\":\"Hos Bul Bygg AS tilbyr vi et omfattende utvalg av tjenester, st\u00f8ttet av opptil 15 \u00e5rs erfaring. V\u00e5rt dyktige team er spesialister innen mur- og betongarbeid, flislegging, snekker- og malertjenester, samt riving og drenering. Vi har en lidenskap for restaurering og leverer alltid h\u00e5ndverk av ypperste kvalitet. Ta kontakt med Bul Bygg AS for en uforpliktende prat om hvordan vi kan hjelpe deg med \u00e5 realisere ditt prosjekt.\",\"breadcrumb\":{\"@id\":\"https:\\\/\\\/bulbygg.no\\\/index.php\\\/tjenester-med-kvalitet-i-hver-stein\\\/#breadcrumb\"},\"inLanguage\":\"nb-NO\",\"potentialAction\":[{\"@type\":\"ReadAction\",\"target\":[\"https:\\\/\\\/bulbygg.no\\\/index.php\\\/tjenester-med-kvalitet-i-hver-stein\\\/\"]}]},{\"@type\":\"BreadcrumbList\",\"@id\":\"https:\\\/\\\/bulbygg.no\\\/index.php\\\/tjenester-med-kvalitet-i-hver-stein\\\/#breadcrumb\",\"itemListElement\":[{\"@type\":\"ListItem\",\"position\":1,\"name\":\"Hjem\",\"item\":\"https:\\\/\\\/bulbygg.no\\\/\"},{\"@type\":\"ListItem\",\"position\":2,\"name\":\"Tjenester\"}]},{\"@type\":\"WebSite\",\"@id\":\"https:\\\/\\\/bulbygg.no\\\/#website\",\"url\":\"https:\\\/\\\/bulbygg.no\\\/\",\"name\":\"Bul Bygg AS\",\"description\":\"Ditt byggefirma i Viken\",\"publisher\":{\"@id\":\"https:\\\/\\\/bulbygg.no\\\/#organization\"},\"potentialAction\":[{\"@type\":\"SearchAction\",\"target\":{\"@type\":\"EntryPoint\",\"urlTemplate\":\"https:\\\/\\\/bulbygg.no\\\/?s={search_term_string}\"},\"query-input\":{\"@type\":\"PropertyValueSpecification\",\"valueRequired\":true,\"valueName\":\"search_term_string\"}}],\"inLanguage\":\"nb-NO\"},{\"@type\":\"Organization\",\"@id\":\"https:\\\/\\\/bulbygg.no\\\/#organization\",\"name\":\"Bul Bygg\",\"url\":\"https:\\\/\\\/bulbygg.no\\\/\",\"logo\":{\"@type\":\"ImageObject\",\"inLanguage\":\"nb-NO\",\"@id\":\"https:\\\/\\\/bulbygg.no\\\/#\\\/schema\\\/logo\\\/image\\\/\",\"url\":\"https:\\\/\\\/bulbygg.no\\\/wp-content\\\/uploads\\\/2024\\\/08\\\/Ikon-BulBygg-1.png\",\"contentUrl\":\"https:\\\/\\\/bulbygg.no\\\/wp-content\\\/uploads\\\/2024\\\/08\\\/Ikon-BulBygg-1.png\",\"width\":582,\"height\":525,\"caption\":\"Bul Bygg\"},\"image\":{\"@id\":\"https:\\\/\\\/bulbygg.no\\\/#\\\/schema\\\/logo\\\/image\\\/\"},\"sameAs\":[\"https:\\\/\\\/www.google.com\\\/search?q=bul bygg as&rlz=1C1CHBF_noNO987NO987&oq=bul bygg as&gs_lcrp=EgZjaHJvbWUqDAgAECMYJxiABBiKBTIMCAAQIxgnGIAEGIoFMg0IARAuGK8BGMcBGIAEMgcIAhAAGIAEMgoIAxAAGKIEGIkFMgYIBBBFGEEyBggFEEUYPDIGCAYQRRg80gEINDg3OGowajeoAgCwAgA&sourceid=chrome&ie=UTF-8\"]}]}<\/script>\n<!-- \/ Yoast SEO plugin. -->","yoast_head_json":{"title":"Bul Bygg AS - Tjenester med kvalitet i hver stein","description":"Hos Bul Bygg AS tilbyr vi et omfattende utvalg av tjenester, st\u00f8ttet av opptil 15 \u00e5rs erfaring. V\u00e5rt dyktige team er spesialister innen mur- og betongarbeid, flislegging, snekker- og malertjenester, samt riving og drenering. Vi har en lidenskap for restaurering og leverer alltid h\u00e5ndverk av ypperste kvalitet. Ta kontakt med Bul Bygg AS for en uforpliktende prat om hvordan vi kan hjelpe deg med \u00e5 realisere ditt prosjekt.","robots":{"index":"index","follow":"follow","max-snippet":"max-snippet:-1","max-image-preview":"max-image-preview:large","max-video-preview":"max-video-preview:-1"},"canonical":"https:\/\/bulbygg.no\/index.php\/tjenester-med-kvalitet-i-hver-stein\/","og_locale":"nb_NO","og_type":"article","og_title":"Bul Bygg AS - Tjenester med kvalitet i hver stein","og_description":"Hos Bul Bygg AS tilbyr vi et omfattende utvalg av tjenester, st\u00f8ttet av opptil 15 \u00e5rs erfaring. V\u00e5rt dyktige team er spesialister innen mur- og betongarbeid, flislegging, snekker- og malertjenester, samt riving og drenering. Vi har en lidenskap for restaurering og leverer alltid h\u00e5ndverk av ypperste kvalitet. Ta kontakt med Bul Bygg AS for en uforpliktende prat om hvordan vi kan hjelpe deg med \u00e5 realisere ditt prosjekt.","og_url":"https:\/\/bulbygg.no\/index.php\/tjenester-med-kvalitet-i-hver-stein\/","article_modified_time":"2024-08-27T11:24:40+00:00","og_image":[{"width":582,"height":525,"url":"https:\/\/bulbygg.no\/wp-content\/uploads\/2024\/08\/Ikon-BulBygg-1.png","type":"image\/png"}],"twitter_card":"summary_large_image","twitter_misc":{"Ansl. lesetid":"1 minutt"},"schema":{"@context":"https:\/\/schema.org","@graph":[{"@type":"WebPage","@id":"https:\/\/bulbygg.no\/index.php\/tjenester-med-kvalitet-i-hver-stein\/","url":"https:\/\/bulbygg.no\/index.php\/tjenester-med-kvalitet-i-hver-stein\/","name":"Bul Bygg AS - Tjenester med kvalitet i hver stein","isPartOf":{"@id":"https:\/\/bulbygg.no\/#website"},"datePublished":"2024-08-23T09:00:00+00:00","dateModified":"2024-08-27T11:24:40+00:00","description":"Hos Bul Bygg AS tilbyr vi et omfattende utvalg av tjenester, st\u00f8ttet av opptil 15 \u00e5rs erfaring. V\u00e5rt dyktige team er spesialister innen mur- og betongarbeid, flislegging, snekker- og malertjenester, samt riving og drenering. Vi har en lidenskap for restaurering og leverer alltid h\u00e5ndverk av ypperste kvalitet. Ta kontakt med Bul Bygg AS for en uforpliktende prat om hvordan vi kan hjelpe deg med \u00e5 realisere ditt prosjekt.","breadcrumb":{"@id":"https:\/\/bulbygg.no\/index.php\/tjenester-med-kvalitet-i-hver-stein\/#breadcrumb"},"inLanguage":"nb-NO","potentialAction":[{"@type":"ReadAction","target":["https:\/\/bulbygg.no\/index.php\/tjenester-med-kvalitet-i-hver-stein\/"]}]},{"@type":"BreadcrumbList","@id":"https:\/\/bulbygg.no\/index.php\/tjenester-med-kvalitet-i-hver-stein\/#breadcrumb","itemListElement":[{"@type":"ListItem","position":1,"name":"Hjem","item":"https:\/\/bulbygg.no\/"},{"@type":"ListItem","position":2,"name":"Tjenester"}]},{"@type":"WebSite","@id":"https:\/\/bulbygg.no\/#website","url":"https:\/\/bulbygg.no\/","name":"Bul Bygg AS","description":"Ditt byggefirma i Viken","publisher":{"@id":"https:\/\/bulbygg.no\/#organization"},"potentialAction":[{"@type":"SearchAction","target":{"@type":"EntryPoint","urlTemplate":"https:\/\/bulbygg.no\/?s={search_term_string}"},"query-input":{"@type":"PropertyValueSpecification","valueRequired":true,"valueName":"search_term_string"}}],"inLanguage":"nb-NO"},{"@type":"Organization","@id":"https:\/\/bulbygg.no\/#organization","name":"Bul Bygg","url":"https:\/\/bulbygg.no\/","logo":{"@type":"ImageObject","inLanguage":"nb-NO","@id":"https:\/\/bulbygg.no\/#\/schema\/logo\/image\/","url":"https:\/\/bulbygg.no\/wp-content\/uploads\/2024\/08\/Ikon-BulBygg-1.png","contentUrl":"https:\/\/bulbygg.no\/wp-content\/uploads\/2024\/08\/Ikon-BulBygg-1.png","width":582,"height":525,"caption":"Bul Bygg"},"image":{"@id":"https:\/\/bulbygg.no\/#\/schema\/logo\/image\/"},"sameAs":["https:\/\/www.google.com\/search?q=bul bygg as&rlz=1C1CHBF_noNO987NO987&oq=bul bygg as&gs_lcrp=EgZjaHJvbWUqDAgAECMYJxiABBiKBTIMCAAQIxgnGIAEGIoFMg0IARAuGK8BGMcBGIAEMgcIAhAAGIAEMgoIAxAAGKIEGIkFMgYIBBBFGEEyBggFEEUYPDIGCAYQRRg80gEINDg3OGowajeoAgCwAgA&sourceid=chrome&ie=UTF-8"]}]}},"_links":{"self":[{"href":"https:\/\/bulbygg.no\/index.php\/wp-json\/wp\/v2\/pages\/57","targetHints":{"allow":["GET"]}}],"collection":[{"href":"https:\/\/bulbygg.no\/index.php\/wp-json\/wp\/v2\/pages"}],"about":[{"href":"https:\/\/bulbygg.no\/index.php\/wp-json\/wp\/v2\/types\/page"}],"author":[{"embeddable":true,"href":"https:\/\/bulbygg.no\/index.php\/wp-json\/wp\/v2\/users\/1"}],"replies":[{"embeddable":true,"href":"https:\/\/bulbygg.no\/index.php\/wp-json\/wp\/v2\/comments?post=57"}],"version-history":[{"count":5,"href":"https:\/\/bulbygg.no\/index.php\/wp-json\/wp\/v2\/pages\/57\/revisions"}],"predecessor-version":[{"id":198,"href":"https:\/\/bulbygg.no\/index.php\/wp-json\/wp\/v2\/pages\/57\/revisions\/198"}],"wp:attachment":[{"href":"https:\/\/bulbygg.no\/index.php\/wp-json\/wp\/v2\/media?parent=57"}],"curies":[{"name":"wp","href":"https:\/\/api.w.org\/{rel}","templated":true}]}}