{"id":76,"date":"2024-08-23T10:15:50","date_gmt":"2024-08-23T10:15:50","guid":{"rendered":"https:\/\/bulbygg.no\/?page_id=76"},"modified":"2024-08-27T11:28:32","modified_gmt":"2024-08-27T11:28:32","slug":"om-oss","status":"publish","type":"page","link":"https:\/\/bulbygg.no\/index.php\/om-oss\/","title":{"rendered":"Om oss"},"content":{"rendered":"\n<p>Vi i Bul Bygg AS er stolte av \u00e5 kunne tilby v\u00e5re tjenester til deg. V\u00e5rt team av dedikerte fagfolk har opptil 15 \u00e5rs erfaring innen sine spesialfelt, er vi rustet til \u00e5 h\u00e5ndtere et bredt spekter av byggeprosjekter.<\/p>\n\n\n\n<p>Vi er eksperter innen murverk, inkludert mur-, puss-, flis- og st\u00f8pearbeid, og vi har en s\u00e6rlig lidenskap for \u00e5 restaurere gamle fasader til sin opprinnelige prakt. I tillegg til v\u00e5re kjerneomr\u00e5der, p\u00e5tar vi oss ogs\u00e5 oppdrag innen riving, maling og snekker- og konstruksjonsarbeid, der vi alltid legger stor vekt p\u00e5 kvalitet og detaljer.<\/p>\n\n\n\n<p class=\"has-medium-font-size\">V\u00e5rt m\u00e5l er \u00e5 levere h\u00e5ndverk av h\u00f8yeste standard, uansett prosjektets omfang. Vi ser frem til \u00e5 samarbeide med deg!<\/p>\n","protected":false},"excerpt":{"rendered":"<p>Vi i Bul Bygg AS er stolte av \u00e5 kunne tilby v\u00e5re tjenester til deg. V\u00e5rt team av dedikerte fagfolk har opptil 15 \u00e5rs erfaring innen sine spesialfelt, er vi rustet til \u00e5 h\u00e5ndtere et bredt spekter av byggeprosjekter. Vi er eksperter innen murverk, inkludert mur-, puss-, flis- og st\u00f8pearbeid, og vi har en s\u00e6rlig [&hellip;]<\/p>\n","protected":false},"author":1,"featured_media":0,"parent":0,"menu_order":0,"comment_status":"closed","ping_status":"closed","template":"","meta":{"footnotes":""},"class_list":["post-76","page","type-page","status-publish","hentry"],"yoast_head":"<!-- This site is optimized with the Yoast SEO plugin v27.3 - https:\/\/yoast.com\/product\/yoast-seo-wordpress\/ -->\n<title>Bul Bygg AS - Om Oss<\/title>\n<meta name=\"description\" content=\"Vi i Bul Bygg AS tilbyr et bredt spekter av tjenester med opptil 15 \u00e5rs erfaring. V\u00e5rt erfarne team er eksperter innen mur- og betongarbeid, flislegging, snekker- og malertjenester, samt riving og drenering. Vi brenner for restaurering og leverer alltid h\u00e5ndverk av h\u00f8yeste standard. Ta kontakt med Bul Bygg AS for en uforpliktende prat om hvordan vi kan realisere ditt prosjekt.\" \/>\n<meta name=\"robots\" content=\"index, follow, max-snippet:-1, max-image-preview:large, max-video-preview:-1\" \/>\n<link rel=\"canonical\" href=\"https:\/\/bulbygg.no\/index.php\/om-oss\/\" \/>\n<meta property=\"og:locale\" content=\"nb_NO\" \/>\n<meta property=\"og:type\" content=\"article\" \/>\n<meta property=\"og:title\" content=\"Bul Bygg AS - Om Oss\" \/>\n<meta property=\"og:description\" content=\"Vi i Bul Bygg AS tilbyr et bredt spekter av tjenester med opptil 15 \u00e5rs erfaring. V\u00e5rt erfarne team er eksperter innen mur- og betongarbeid, flislegging, snekker- og malertjenester, samt riving og drenering. Vi brenner for restaurering og leverer alltid h\u00e5ndverk av h\u00f8yeste standard. Ta kontakt med Bul Bygg AS for en uforpliktende prat om hvordan vi kan realisere ditt prosjekt.\" \/>\n<meta property=\"og:url\" content=\"https:\/\/bulbygg.no\/index.php\/om-oss\/\" \/>\n<meta property=\"article:modified_time\" content=\"2024-08-27T11:28:32+00:00\" \/>\n<meta property=\"og:image\" content=\"https:\/\/bulbygg.no\/wp-content\/uploads\/2024\/08\/Ikon-BulBygg-1.png\" \/>\n\t<meta property=\"og:image:width\" content=\"582\" \/>\n\t<meta property=\"og:image:height\" content=\"525\" \/>\n\t<meta property=\"og:image:type\" content=\"image\/png\" \/>\n<meta name=\"twitter:card\" content=\"summary_large_image\" \/>\n<meta name=\"twitter:label1\" content=\"Ansl. lesetid\" \/>\n\t<meta name=\"twitter:data1\" content=\"1 minutt\" \/>\n<script type=\"application\/ld+json\" class=\"yoast-schema-graph\">{\"@context\":\"https:\\\/\\\/schema.org\",\"@graph\":[{\"@type\":\"WebPage\",\"@id\":\"https:\\\/\\\/bulbygg.no\\\/index.php\\\/om-oss\\\/\",\"url\":\"https:\\\/\\\/bulbygg.no\\\/index.php\\\/om-oss\\\/\",\"name\":\"Bul Bygg AS - Om Oss\",\"isPartOf\":{\"@id\":\"https:\\\/\\\/bulbygg.no\\\/#website\"},\"datePublished\":\"2024-08-23T10:15:50+00:00\",\"dateModified\":\"2024-08-27T11:28:32+00:00\",\"description\":\"Vi i Bul Bygg AS tilbyr et bredt spekter av tjenester med opptil 15 \u00e5rs erfaring. V\u00e5rt erfarne team er eksperter innen mur- og betongarbeid, flislegging, snekker- og malertjenester, samt riving og drenering. Vi brenner for restaurering og leverer alltid h\u00e5ndverk av h\u00f8yeste standard. Ta kontakt med Bul Bygg AS for en uforpliktende prat om hvordan vi kan realisere ditt prosjekt.\",\"breadcrumb\":{\"@id\":\"https:\\\/\\\/bulbygg.no\\\/index.php\\\/om-oss\\\/#breadcrumb\"},\"inLanguage\":\"nb-NO\",\"potentialAction\":[{\"@type\":\"ReadAction\",\"target\":[\"https:\\\/\\\/bulbygg.no\\\/index.php\\\/om-oss\\\/\"]}]},{\"@type\":\"BreadcrumbList\",\"@id\":\"https:\\\/\\\/bulbygg.no\\\/index.php\\\/om-oss\\\/#breadcrumb\",\"itemListElement\":[{\"@type\":\"ListItem\",\"position\":1,\"name\":\"Hjem\",\"item\":\"https:\\\/\\\/bulbygg.no\\\/\"},{\"@type\":\"ListItem\",\"position\":2,\"name\":\"Om oss\"}]},{\"@type\":\"WebSite\",\"@id\":\"https:\\\/\\\/bulbygg.no\\\/#website\",\"url\":\"https:\\\/\\\/bulbygg.no\\\/\",\"name\":\"Bul Bygg AS\",\"description\":\"Ditt byggefirma i Viken\",\"publisher\":{\"@id\":\"https:\\\/\\\/bulbygg.no\\\/#organization\"},\"potentialAction\":[{\"@type\":\"SearchAction\",\"target\":{\"@type\":\"EntryPoint\",\"urlTemplate\":\"https:\\\/\\\/bulbygg.no\\\/?s={search_term_string}\"},\"query-input\":{\"@type\":\"PropertyValueSpecification\",\"valueRequired\":true,\"valueName\":\"search_term_string\"}}],\"inLanguage\":\"nb-NO\"},{\"@type\":\"Organization\",\"@id\":\"https:\\\/\\\/bulbygg.no\\\/#organization\",\"name\":\"Bul Bygg\",\"url\":\"https:\\\/\\\/bulbygg.no\\\/\",\"logo\":{\"@type\":\"ImageObject\",\"inLanguage\":\"nb-NO\",\"@id\":\"https:\\\/\\\/bulbygg.no\\\/#\\\/schema\\\/logo\\\/image\\\/\",\"url\":\"https:\\\/\\\/bulbygg.no\\\/wp-content\\\/uploads\\\/2024\\\/08\\\/Ikon-BulBygg-1.png\",\"contentUrl\":\"https:\\\/\\\/bulbygg.no\\\/wp-content\\\/uploads\\\/2024\\\/08\\\/Ikon-BulBygg-1.png\",\"width\":582,\"height\":525,\"caption\":\"Bul Bygg\"},\"image\":{\"@id\":\"https:\\\/\\\/bulbygg.no\\\/#\\\/schema\\\/logo\\\/image\\\/\"},\"sameAs\":[\"https:\\\/\\\/www.google.com\\\/search?q=bul bygg as&rlz=1C1CHBF_noNO987NO987&oq=bul bygg as&gs_lcrp=EgZjaHJvbWUqDAgAECMYJxiABBiKBTIMCAAQIxgnGIAEGIoFMg0IARAuGK8BGMcBGIAEMgcIAhAAGIAEMgoIAxAAGKIEGIkFMgYIBBBFGEEyBggFEEUYPDIGCAYQRRg80gEINDg3OGowajeoAgCwAgA&sourceid=chrome&ie=UTF-8\"]}]}<\/script>\n<!-- \/ Yoast SEO plugin. -->","yoast_head_json":{"title":"Bul Bygg AS - Om Oss","description":"Vi i Bul Bygg AS tilbyr et bredt spekter av tjenester med opptil 15 \u00e5rs erfaring. V\u00e5rt erfarne team er eksperter innen mur- og betongarbeid, flislegging, snekker- og malertjenester, samt riving og drenering. Vi brenner for restaurering og leverer alltid h\u00e5ndverk av h\u00f8yeste standard. Ta kontakt med Bul Bygg AS for en uforpliktende prat om hvordan vi kan realisere ditt prosjekt.","robots":{"index":"index","follow":"follow","max-snippet":"max-snippet:-1","max-image-preview":"max-image-preview:large","max-video-preview":"max-video-preview:-1"},"canonical":"https:\/\/bulbygg.no\/index.php\/om-oss\/","og_locale":"nb_NO","og_type":"article","og_title":"Bul Bygg AS - Om Oss","og_description":"Vi i Bul Bygg AS tilbyr et bredt spekter av tjenester med opptil 15 \u00e5rs erfaring. V\u00e5rt erfarne team er eksperter innen mur- og betongarbeid, flislegging, snekker- og malertjenester, samt riving og drenering. Vi brenner for restaurering og leverer alltid h\u00e5ndverk av h\u00f8yeste standard. Ta kontakt med Bul Bygg AS for en uforpliktende prat om hvordan vi kan realisere ditt prosjekt.","og_url":"https:\/\/bulbygg.no\/index.php\/om-oss\/","article_modified_time":"2024-08-27T11:28:32+00:00","og_image":[{"width":582,"height":525,"url":"https:\/\/bulbygg.no\/wp-content\/uploads\/2024\/08\/Ikon-BulBygg-1.png","type":"image\/png"}],"twitter_card":"summary_large_image","twitter_misc":{"Ansl. lesetid":"1 minutt"},"schema":{"@context":"https:\/\/schema.org","@graph":[{"@type":"WebPage","@id":"https:\/\/bulbygg.no\/index.php\/om-oss\/","url":"https:\/\/bulbygg.no\/index.php\/om-oss\/","name":"Bul Bygg AS - Om Oss","isPartOf":{"@id":"https:\/\/bulbygg.no\/#website"},"datePublished":"2024-08-23T10:15:50+00:00","dateModified":"2024-08-27T11:28:32+00:00","description":"Vi i Bul Bygg AS tilbyr et bredt spekter av tjenester med opptil 15 \u00e5rs erfaring. V\u00e5rt erfarne team er eksperter innen mur- og betongarbeid, flislegging, snekker- og malertjenester, samt riving og drenering. Vi brenner for restaurering og leverer alltid h\u00e5ndverk av h\u00f8yeste standard. Ta kontakt med Bul Bygg AS for en uforpliktende prat om hvordan vi kan realisere ditt prosjekt.","breadcrumb":{"@id":"https:\/\/bulbygg.no\/index.php\/om-oss\/#breadcrumb"},"inLanguage":"nb-NO","potentialAction":[{"@type":"ReadAction","target":["https:\/\/bulbygg.no\/index.php\/om-oss\/"]}]},{"@type":"BreadcrumbList","@id":"https:\/\/bulbygg.no\/index.php\/om-oss\/#breadcrumb","itemListElement":[{"@type":"ListItem","position":1,"name":"Hjem","item":"https:\/\/bulbygg.no\/"},{"@type":"ListItem","position":2,"name":"Om oss"}]},{"@type":"WebSite","@id":"https:\/\/bulbygg.no\/#website","url":"https:\/\/bulbygg.no\/","name":"Bul Bygg AS","description":"Ditt byggefirma i Viken","publisher":{"@id":"https:\/\/bulbygg.no\/#organization"},"potentialAction":[{"@type":"SearchAction","target":{"@type":"EntryPoint","urlTemplate":"https:\/\/bulbygg.no\/?s={search_term_string}"},"query-input":{"@type":"PropertyValueSpecification","valueRequired":true,"valueName":"search_term_string"}}],"inLanguage":"nb-NO"},{"@type":"Organization","@id":"https:\/\/bulbygg.no\/#organization","name":"Bul Bygg","url":"https:\/\/bulbygg.no\/","logo":{"@type":"ImageObject","inLanguage":"nb-NO","@id":"https:\/\/bulbygg.no\/#\/schema\/logo\/image\/","url":"https:\/\/bulbygg.no\/wp-content\/uploads\/2024\/08\/Ikon-BulBygg-1.png","contentUrl":"https:\/\/bulbygg.no\/wp-content\/uploads\/2024\/08\/Ikon-BulBygg-1.png","width":582,"height":525,"caption":"Bul Bygg"},"image":{"@id":"https:\/\/bulbygg.no\/#\/schema\/logo\/image\/"},"sameAs":["https:\/\/www.google.com\/search?q=bul bygg as&rlz=1C1CHBF_noNO987NO987&oq=bul bygg as&gs_lcrp=EgZjaHJvbWUqDAgAECMYJxiABBiKBTIMCAAQIxgnGIAEGIoFMg0IARAuGK8BGMcBGIAEMgcIAhAAGIAEMgoIAxAAGKIEGIkFMgYIBBBFGEEyBggFEEUYPDIGCAYQRRg80gEINDg3OGowajeoAgCwAgA&sourceid=chrome&ie=UTF-8"]}]}},"_links":{"self":[{"href":"https:\/\/bulbygg.no\/index.php\/wp-json\/wp\/v2\/pages\/76","targetHints":{"allow":["GET"]}}],"collection":[{"href":"https:\/\/bulbygg.no\/index.php\/wp-json\/wp\/v2\/pages"}],"about":[{"href":"https:\/\/bulbygg.no\/index.php\/wp-json\/wp\/v2\/types\/page"}],"author":[{"embeddable":true,"href":"https:\/\/bulbygg.no\/index.php\/wp-json\/wp\/v2\/users\/1"}],"replies":[{"embeddable":true,"href":"https:\/\/bulbygg.no\/index.php\/wp-json\/wp\/v2\/comments?post=76"}],"version-history":[{"count":5,"href":"https:\/\/bulbygg.no\/index.php\/wp-json\/wp\/v2\/pages\/76\/revisions"}],"predecessor-version":[{"id":135,"href":"https:\/\/bulbygg.no\/index.php\/wp-json\/wp\/v2\/pages\/76\/revisions\/135"}],"wp:attachment":[{"href":"https:\/\/bulbygg.no\/index.php\/wp-json\/wp\/v2\/media?parent=76"}],"curies":[{"name":"wp","href":"https:\/\/api.w.org\/{rel}","templated":true}]}}