{"id":78,"date":"2024-08-23T10:17:34","date_gmt":"2024-08-23T10:17:34","guid":{"rendered":"https:\/\/bulbygg.no\/?page_id=78"},"modified":"2024-08-27T11:31:04","modified_gmt":"2024-08-27T11:31:04","slug":"kontakt-oss","status":"publish","type":"page","link":"https:\/\/bulbygg.no\/index.php\/kontakt-oss\/","title":{"rendered":"Kontakt oss"},"content":{"rendered":"\n<h4 class=\"wp-block-heading\">Ta kontakt med oss for en uforpliktende prat om hvordan vi kan realisere ditt prosjekt. <\/h4>\n\n\n\n\n<div class=\"wpcf7 no-js\" id=\"wpcf7-f24-o1\" lang=\"nb-NO\" dir=\"ltr\" data-wpcf7-id=\"24\">\n<div class=\"screen-reader-response\"><p role=\"status\" aria-live=\"polite\" aria-atomic=\"true\"><\/p> <ul><\/ul><\/div>\n<form action=\"\/index.php\/wp-json\/wp\/v2\/pages\/78#wpcf7-f24-o1\" method=\"post\" class=\"wpcf7-form init\" aria-label=\"Kontaktskjema\" novalidate=\"novalidate\" data-status=\"init\">\n<fieldset class=\"hidden-fields-container\"><input type=\"hidden\" name=\"_wpcf7\" value=\"24\" \/><input type=\"hidden\" name=\"_wpcf7_version\" value=\"6.1.5\" \/><input type=\"hidden\" name=\"_wpcf7_locale\" value=\"nb_NO\" \/><input type=\"hidden\" name=\"_wpcf7_unit_tag\" value=\"wpcf7-f24-o1\" \/><input type=\"hidden\" name=\"_wpcf7_container_post\" value=\"0\" \/><input type=\"hidden\" name=\"_wpcf7_posted_data_hash\" value=\"\" \/>\n<\/fieldset>\n<p><label> Ditt navn<br \/>\n<span class=\"wpcf7-form-control-wrap\" data-name=\"your-name\"><input size=\"40\" maxlength=\"400\" class=\"wpcf7-form-control wpcf7-text wpcf7-validates-as-required\" autocomplete=\"name\" aria-required=\"true\" aria-invalid=\"false\" value=\"\" type=\"text\" name=\"your-name\" \/><\/span> <\/label>\n<\/p>\n<p><label> Din E-post<br \/>\n<span class=\"wpcf7-form-control-wrap\" data-name=\"your-email\"><input size=\"40\" maxlength=\"400\" class=\"wpcf7-form-control wpcf7-email wpcf7-validates-as-required wpcf7-text wpcf7-validates-as-email\" autocomplete=\"email\" aria-required=\"true\" aria-invalid=\"false\" value=\"\" type=\"email\" name=\"your-email\" \/><\/span> <\/label>\n<\/p>\n<p><label> Emne<br \/>\n<span class=\"wpcf7-form-control-wrap\" data-name=\"your-subject\"><input size=\"40\" maxlength=\"400\" class=\"wpcf7-form-control wpcf7-text wpcf7-validates-as-required\" aria-required=\"true\" aria-invalid=\"false\" value=\"\" type=\"text\" name=\"your-subject\" \/><\/span> <\/label>\n<\/p>\n<p><label> Melding (optional)<br \/>\n<span class=\"wpcf7-form-control-wrap\" data-name=\"your-message\"><textarea cols=\"40\" rows=\"10\" maxlength=\"2000\" class=\"wpcf7-form-control wpcf7-textarea\" aria-invalid=\"false\" name=\"your-message\"><\/textarea><\/span> <\/label>\n<\/p>\n<p><input class=\"wpcf7-form-control wpcf7-submit has-spinner\" type=\"submit\" value=\"Send\" \/>\n<\/p><p style=\"display: none !important;\" class=\"akismet-fields-container\" data-prefix=\"_wpcf7_ak_\"><label>&#916;<textarea name=\"_wpcf7_ak_hp_textarea\" cols=\"45\" rows=\"8\" maxlength=\"100\"><\/textarea><\/label><input type=\"hidden\" id=\"ak_js_1\" name=\"_wpcf7_ak_js\" value=\"242\"\/><script>document.getElementById( \"ak_js_1\" ).setAttribute( \"value\", ( new Date() ).getTime() );<\/script><\/p><div class=\"wpcf7-response-output\" aria-hidden=\"true\"><\/div>\n<\/form>\n<\/div>\n\n","protected":false},"excerpt":{"rendered":"<p>Ta kontakt med oss for en uforpliktende prat om hvordan vi kan realisere ditt prosjekt.<\/p>\n","protected":false},"author":1,"featured_media":0,"parent":0,"menu_order":0,"comment_status":"closed","ping_status":"closed","template":"","meta":{"footnotes":""},"class_list":["post-78","page","type-page","status-publish","hentry"],"yoast_head":"<!-- This site is optimized with the Yoast SEO plugin v27.3 - https:\/\/yoast.com\/product\/yoast-seo-wordpress\/ -->\n<title>Bul Bygg AS - Kontakt Oss - Vi bygger med kvalitet i hver stein.<\/title>\n<meta name=\"description\" content=\"Hos Bul Bygg AS tilbyr vi et omfattende utvalg av tjenester, st\u00f8ttet av opptil 15 \u00e5rs erfaring. V\u00e5rt dyktige team er spesialister innen mur- og betongarbeid, flislegging, snekker- og malertjenester, samt riving og drenering. Vi har en lidenskap for restaurering og leverer alltid h\u00e5ndverk av ypperste kvalitet. Ta kontakt med Bul Bygg AS for en uforpliktende prat om hvordan vi kan hjelpe deg med \u00e5 realisere ditt prosjekt.\" \/>\n<meta name=\"robots\" content=\"index, follow, max-snippet:-1, max-image-preview:large, max-video-preview:-1\" \/>\n<link rel=\"canonical\" href=\"https:\/\/bulbygg.no\/index.php\/kontakt-oss\/\" \/>\n<meta property=\"og:locale\" content=\"nb_NO\" \/>\n<meta property=\"og:type\" content=\"article\" \/>\n<meta property=\"og:title\" content=\"Bul Bygg AS - Kontakt Oss - Vi bygger med kvalitet i hver stein.\" \/>\n<meta property=\"og:description\" content=\"Hos Bul Bygg AS tilbyr vi et omfattende utvalg av tjenester, st\u00f8ttet av opptil 15 \u00e5rs erfaring. V\u00e5rt dyktige team er spesialister innen mur- og betongarbeid, flislegging, snekker- og malertjenester, samt riving og drenering. Vi har en lidenskap for restaurering og leverer alltid h\u00e5ndverk av ypperste kvalitet. Ta kontakt med Bul Bygg AS for en uforpliktende prat om hvordan vi kan hjelpe deg med \u00e5 realisere ditt prosjekt.\" \/>\n<meta property=\"og:url\" content=\"https:\/\/bulbygg.no\/index.php\/kontakt-oss\/\" \/>\n<meta property=\"article:modified_time\" content=\"2024-08-27T11:31:04+00:00\" \/>\n<meta property=\"og:image\" content=\"https:\/\/bulbygg.no\/wp-content\/uploads\/2024\/08\/Ikon-BulBygg-1.png\" \/>\n\t<meta property=\"og:image:width\" content=\"582\" \/>\n\t<meta property=\"og:image:height\" content=\"525\" \/>\n\t<meta property=\"og:image:type\" content=\"image\/png\" \/>\n<meta name=\"twitter:card\" content=\"summary_large_image\" \/>\n<meta name=\"twitter:label1\" content=\"Ansl. lesetid\" \/>\n\t<meta name=\"twitter:data1\" content=\"1 minutt\" \/>\n<script type=\"application\/ld+json\" class=\"yoast-schema-graph\">{\"@context\":\"https:\\\/\\\/schema.org\",\"@graph\":[{\"@type\":\"WebPage\",\"@id\":\"https:\\\/\\\/bulbygg.no\\\/index.php\\\/kontakt-oss\\\/\",\"url\":\"https:\\\/\\\/bulbygg.no\\\/index.php\\\/kontakt-oss\\\/\",\"name\":\"Bul Bygg AS - Kontakt Oss - Vi bygger med kvalitet i hver stein.\",\"isPartOf\":{\"@id\":\"https:\\\/\\\/bulbygg.no\\\/#website\"},\"datePublished\":\"2024-08-23T10:17:34+00:00\",\"dateModified\":\"2024-08-27T11:31:04+00:00\",\"description\":\"Hos Bul Bygg AS tilbyr vi et omfattende utvalg av tjenester, st\u00f8ttet av opptil 15 \u00e5rs erfaring. V\u00e5rt dyktige team er spesialister innen mur- og betongarbeid, flislegging, snekker- og malertjenester, samt riving og drenering. Vi har en lidenskap for restaurering og leverer alltid h\u00e5ndverk av ypperste kvalitet. Ta kontakt med Bul Bygg AS for en uforpliktende prat om hvordan vi kan hjelpe deg med \u00e5 realisere ditt prosjekt.\",\"breadcrumb\":{\"@id\":\"https:\\\/\\\/bulbygg.no\\\/index.php\\\/kontakt-oss\\\/#breadcrumb\"},\"inLanguage\":\"nb-NO\",\"potentialAction\":[{\"@type\":\"ReadAction\",\"target\":[\"https:\\\/\\\/bulbygg.no\\\/index.php\\\/kontakt-oss\\\/\"]}]},{\"@type\":\"BreadcrumbList\",\"@id\":\"https:\\\/\\\/bulbygg.no\\\/index.php\\\/kontakt-oss\\\/#breadcrumb\",\"itemListElement\":[{\"@type\":\"ListItem\",\"position\":1,\"name\":\"Hjem\",\"item\":\"https:\\\/\\\/bulbygg.no\\\/\"},{\"@type\":\"ListItem\",\"position\":2,\"name\":\"Kontakt oss\"}]},{\"@type\":\"WebSite\",\"@id\":\"https:\\\/\\\/bulbygg.no\\\/#website\",\"url\":\"https:\\\/\\\/bulbygg.no\\\/\",\"name\":\"Bul Bygg AS\",\"description\":\"Ditt byggefirma i Viken\",\"publisher\":{\"@id\":\"https:\\\/\\\/bulbygg.no\\\/#organization\"},\"potentialAction\":[{\"@type\":\"SearchAction\",\"target\":{\"@type\":\"EntryPoint\",\"urlTemplate\":\"https:\\\/\\\/bulbygg.no\\\/?s={search_term_string}\"},\"query-input\":{\"@type\":\"PropertyValueSpecification\",\"valueRequired\":true,\"valueName\":\"search_term_string\"}}],\"inLanguage\":\"nb-NO\"},{\"@type\":\"Organization\",\"@id\":\"https:\\\/\\\/bulbygg.no\\\/#organization\",\"name\":\"Bul Bygg\",\"url\":\"https:\\\/\\\/bulbygg.no\\\/\",\"logo\":{\"@type\":\"ImageObject\",\"inLanguage\":\"nb-NO\",\"@id\":\"https:\\\/\\\/bulbygg.no\\\/#\\\/schema\\\/logo\\\/image\\\/\",\"url\":\"https:\\\/\\\/bulbygg.no\\\/wp-content\\\/uploads\\\/2024\\\/08\\\/Ikon-BulBygg-1.png\",\"contentUrl\":\"https:\\\/\\\/bulbygg.no\\\/wp-content\\\/uploads\\\/2024\\\/08\\\/Ikon-BulBygg-1.png\",\"width\":582,\"height\":525,\"caption\":\"Bul Bygg\"},\"image\":{\"@id\":\"https:\\\/\\\/bulbygg.no\\\/#\\\/schema\\\/logo\\\/image\\\/\"},\"sameAs\":[\"https:\\\/\\\/www.google.com\\\/search?q=bul bygg as&rlz=1C1CHBF_noNO987NO987&oq=bul bygg as&gs_lcrp=EgZjaHJvbWUqDAgAECMYJxiABBiKBTIMCAAQIxgnGIAEGIoFMg0IARAuGK8BGMcBGIAEMgcIAhAAGIAEMgoIAxAAGKIEGIkFMgYIBBBFGEEyBggFEEUYPDIGCAYQRRg80gEINDg3OGowajeoAgCwAgA&sourceid=chrome&ie=UTF-8\"]}]}<\/script>\n<!-- \/ Yoast SEO plugin. -->","yoast_head_json":{"title":"Bul Bygg AS - Kontakt Oss - Vi bygger med kvalitet i hver stein.","description":"Hos Bul Bygg AS tilbyr vi et omfattende utvalg av tjenester, st\u00f8ttet av opptil 15 \u00e5rs erfaring. V\u00e5rt dyktige team er spesialister innen mur- og betongarbeid, flislegging, snekker- og malertjenester, samt riving og drenering. Vi har en lidenskap for restaurering og leverer alltid h\u00e5ndverk av ypperste kvalitet. Ta kontakt med Bul Bygg AS for en uforpliktende prat om hvordan vi kan hjelpe deg med \u00e5 realisere ditt prosjekt.","robots":{"index":"index","follow":"follow","max-snippet":"max-snippet:-1","max-image-preview":"max-image-preview:large","max-video-preview":"max-video-preview:-1"},"canonical":"https:\/\/bulbygg.no\/index.php\/kontakt-oss\/","og_locale":"nb_NO","og_type":"article","og_title":"Bul Bygg AS - Kontakt Oss - Vi bygger med kvalitet i hver stein.","og_description":"Hos Bul Bygg AS tilbyr vi et omfattende utvalg av tjenester, st\u00f8ttet av opptil 15 \u00e5rs erfaring. V\u00e5rt dyktige team er spesialister innen mur- og betongarbeid, flislegging, snekker- og malertjenester, samt riving og drenering. Vi har en lidenskap for restaurering og leverer alltid h\u00e5ndverk av ypperste kvalitet. Ta kontakt med Bul Bygg AS for en uforpliktende prat om hvordan vi kan hjelpe deg med \u00e5 realisere ditt prosjekt.","og_url":"https:\/\/bulbygg.no\/index.php\/kontakt-oss\/","article_modified_time":"2024-08-27T11:31:04+00:00","og_image":[{"width":582,"height":525,"url":"https:\/\/bulbygg.no\/wp-content\/uploads\/2024\/08\/Ikon-BulBygg-1.png","type":"image\/png"}],"twitter_card":"summary_large_image","twitter_misc":{"Ansl. lesetid":"1 minutt"},"schema":{"@context":"https:\/\/schema.org","@graph":[{"@type":"WebPage","@id":"https:\/\/bulbygg.no\/index.php\/kontakt-oss\/","url":"https:\/\/bulbygg.no\/index.php\/kontakt-oss\/","name":"Bul Bygg AS - Kontakt Oss - Vi bygger med kvalitet i hver stein.","isPartOf":{"@id":"https:\/\/bulbygg.no\/#website"},"datePublished":"2024-08-23T10:17:34+00:00","dateModified":"2024-08-27T11:31:04+00:00","description":"Hos Bul Bygg AS tilbyr vi et omfattende utvalg av tjenester, st\u00f8ttet av opptil 15 \u00e5rs erfaring. V\u00e5rt dyktige team er spesialister innen mur- og betongarbeid, flislegging, snekker- og malertjenester, samt riving og drenering. Vi har en lidenskap for restaurering og leverer alltid h\u00e5ndverk av ypperste kvalitet. Ta kontakt med Bul Bygg AS for en uforpliktende prat om hvordan vi kan hjelpe deg med \u00e5 realisere ditt prosjekt.","breadcrumb":{"@id":"https:\/\/bulbygg.no\/index.php\/kontakt-oss\/#breadcrumb"},"inLanguage":"nb-NO","potentialAction":[{"@type":"ReadAction","target":["https:\/\/bulbygg.no\/index.php\/kontakt-oss\/"]}]},{"@type":"BreadcrumbList","@id":"https:\/\/bulbygg.no\/index.php\/kontakt-oss\/#breadcrumb","itemListElement":[{"@type":"ListItem","position":1,"name":"Hjem","item":"https:\/\/bulbygg.no\/"},{"@type":"ListItem","position":2,"name":"Kontakt oss"}]},{"@type":"WebSite","@id":"https:\/\/bulbygg.no\/#website","url":"https:\/\/bulbygg.no\/","name":"Bul Bygg AS","description":"Ditt byggefirma i Viken","publisher":{"@id":"https:\/\/bulbygg.no\/#organization"},"potentialAction":[{"@type":"SearchAction","target":{"@type":"EntryPoint","urlTemplate":"https:\/\/bulbygg.no\/?s={search_term_string}"},"query-input":{"@type":"PropertyValueSpecification","valueRequired":true,"valueName":"search_term_string"}}],"inLanguage":"nb-NO"},{"@type":"Organization","@id":"https:\/\/bulbygg.no\/#organization","name":"Bul Bygg","url":"https:\/\/bulbygg.no\/","logo":{"@type":"ImageObject","inLanguage":"nb-NO","@id":"https:\/\/bulbygg.no\/#\/schema\/logo\/image\/","url":"https:\/\/bulbygg.no\/wp-content\/uploads\/2024\/08\/Ikon-BulBygg-1.png","contentUrl":"https:\/\/bulbygg.no\/wp-content\/uploads\/2024\/08\/Ikon-BulBygg-1.png","width":582,"height":525,"caption":"Bul Bygg"},"image":{"@id":"https:\/\/bulbygg.no\/#\/schema\/logo\/image\/"},"sameAs":["https:\/\/www.google.com\/search?q=bul bygg as&rlz=1C1CHBF_noNO987NO987&oq=bul bygg as&gs_lcrp=EgZjaHJvbWUqDAgAECMYJxiABBiKBTIMCAAQIxgnGIAEGIoFMg0IARAuGK8BGMcBGIAEMgcIAhAAGIAEMgoIAxAAGKIEGIkFMgYIBBBFGEEyBggFEEUYPDIGCAYQRRg80gEINDg3OGowajeoAgCwAgA&sourceid=chrome&ie=UTF-8"]}]}},"_links":{"self":[{"href":"https:\/\/bulbygg.no\/index.php\/wp-json\/wp\/v2\/pages\/78","targetHints":{"allow":["GET"]}}],"collection":[{"href":"https:\/\/bulbygg.no\/index.php\/wp-json\/wp\/v2\/pages"}],"about":[{"href":"https:\/\/bulbygg.no\/index.php\/wp-json\/wp\/v2\/types\/page"}],"author":[{"embeddable":true,"href":"https:\/\/bulbygg.no\/index.php\/wp-json\/wp\/v2\/users\/1"}],"replies":[{"embeddable":true,"href":"https:\/\/bulbygg.no\/index.php\/wp-json\/wp\/v2\/comments?post=78"}],"version-history":[{"count":4,"href":"https:\/\/bulbygg.no\/index.php\/wp-json\/wp\/v2\/pages\/78\/revisions"}],"predecessor-version":[{"id":143,"href":"https:\/\/bulbygg.no\/index.php\/wp-json\/wp\/v2\/pages\/78\/revisions\/143"}],"wp:attachment":[{"href":"https:\/\/bulbygg.no\/index.php\/wp-json\/wp\/v2\/media?parent=78"}],"curies":[{"name":"wp","href":"https:\/\/api.w.org\/{rel}","templated":true}]}}